{"id":613,"date":"2017-02-02T12:29:24","date_gmt":"2017-02-02T12:29:24","guid":{"rendered":"http:\/\/test.kriesi.at\/enfold-2017\/?page_id=613"},"modified":"2019-01-10T09:44:40","modified_gmt":"2019-01-10T08:44:40","slug":"legal-notice","status":"publish","type":"page","link":"https:\/\/www.condocratica.it\/?page_id=613","title":{"rendered":"Legal notice"},"content":{"rendered":"<\/div><\/div><\/div><!-- close content main div --><\/div><\/div><div id='av_section_1' class='avia-section main_color avia-section-large avia-no-border-styling avia-bg-style-scroll   container_wrap fullsize'   ><div class='container' ><div class='template-page content  av-content-full alpha units'><div class='post-entry post-entry-type-page post-entry-613'><div class='entry-content-wrapper clearfix'>\n<div style='padding-bottom:20px;font-size:40px;' class='av-special-heading av-special-heading-h2  blockquote modern-quote   av-inherit-size '><h2 class='av-special-heading-tag '  itemprop=\"headline\"  >Note legali<\/h2><div class='special-heading-border'><div class='special-heading-inner-border' ><\/div><\/div><\/div>\n<div style=' margin-top:10px; margin-bottom:30px;'  class='hr hr-custom hr-left hr-icon-no  '><span class='hr-inner   inner-border-av-border-fat' style=' width:50px; border-color:#000000;' ><span class='hr-inner-style'><\/span><\/span><\/div>\n<section class=\"av_textblock_section \"  itemscope=\"itemscope\" itemtype=\"https:\/\/schema.org\/CreativeWork\" ><div class='avia_textblock  '   itemprop=\"text\" ><p><strong>AVVERTENZE PER GLI UTILIZZATORI DEL PRESENTE SITO<\/strong><\/p>\n<p><span style=\"color: #ffffff;\">\u00a0<\/span><\/p>\n<p><strong>Accesso al sito<\/strong><\/p>\n<p>Condocratica desidera fornire qui di seguito alcune informazioni relative alla consultazione del sito web, accessibile per via telematica a partire dall&#8217;indirizzo\u00a0<a href=\"http:\/\/www.condocratica.it\/\">www.condocratica.it<\/a>.<\/p>\n<p>L\u2019utilizzatore del presente sito riconosce di disporre della competenza e dei mezzi necessari all&#8217;accesso e all&#8217;utilizzazione del sito stesso. Condocratica non potr\u00e0 in nessun caso essere ritenuta responsabile dei danni che eventualmente causati dall&#8217;ambiente tecnico dell\u2019utilizzatore e, in particolare, dai suoi computer, software, attrezzature di rete e qualsiasi altro materiale utilizzato per consultare e utilizzare il servizio e\/o le informazioni.<\/p>\n<p>Si ricorda che l\u2019introdursi o installarsi in maniera fraudolenta in un sistema informatico, ostacolare o falsare il funzionamento di tale sistema, e introdurre o modificare dati in maniera fraudolenta in un sistema informatico costituisce un delitto passibile di sanzione penale.<\/p>\n<p>L&#8217;accesso al sito \u00e8 gratuito. Le spese di accesso e di utilizzo della rete di telecomunicazione sono a carico del cliente, secondo le modalit\u00e0 fissate dai suoi fornitori d\u2019accesso e operatori di telecomunicazione.<\/p>\n<p><strong>Responsabilit\u00e0<\/strong><\/p>\n<p>Il sito e i suoi contenuti sono forniti &#8220;come sono&#8221; e senza garanzie, comprese le prestazioni future. Condocratica esclude, nei limiti consentiti dalla legge, qualsiasi garanzia.<\/p>\n<p>Si ricorda che l&#8217;accesso al sito potr\u00e0 essere temporaneamente sospeso, a causa di (i) la manutenzione di hardware e\/o software o server del sito, e \/o (ii) la manutenzione di hardware, software e\/o la pubblicazione o il sito, e\/o (iii) il verificarsi di un caso di forza maggiore. La possibilit\u00e0 di un\u2019indisponibilit\u00e0 temporanea o permanente del sito non potranno in alcun caso dar luogo ad una domanda di risarcimento danni o altri rimedi.<\/p>\n<p>Condocratica si riserva il diritto di modificare, in qualsiasi momento e senza preavviso, il contenuto del presente sito. Inoltre, Condocratica declina qualsiasi responsabilit\u00e0 in caso di ritardo, errore o omissione relativamente al contenuto delle presenti pagine, cos\u00ec come in caso di interruzione o di mancata disponibilit\u00e0 del servizio.<\/p>\n<p>Condocratica non potr\u00e0 essere ritenuta responsabile di qualsiasi decisione presa in base ad un\u2019informazione contenuta nel sito, n\u00e9 dell\u2019utilizzo che di tale informazione potrebbe essere fatta da terzi. Qualsiasi persona che desideri usufruire di uno o pi\u00f9 servizi presentati su questo sito \u00e8 invitata a contattare Condocratica per informarsi sulle condizioni contrattuali e tariffarie applicabili a detto (o detti) servizio(i).<\/p>\n<p>L&#8217;accesso di determinate persone ai servizi presentati nel sito pu\u00f2 essere oggetto di restrizioni.<\/p>\n<p>L\u2019utente \u00e8 responsabile dei contenuti che lo stesso immette sul sito e si impegna a manlevare Condocratica per qualsiasi danno che alla stessa dovesse derivare in conseguenza della violazione da parte del medesimo dei diritti di propriet\u00e0 intellettuale, dei diritti d&#8217;autore e di ogni altro diritto, di Condocratica o di terzi.<\/p>\n<p><strong>Link ipertestuali<\/strong><\/p>\n<p>Il sito contiene dei legami ipertestuali che consentono l\u2019accesso a siti che non sono pubblicati da Condocratica. Di conseguenza, quest\u2019ultima non potr\u00e0 essere considerata responsabile del contenuto dei siti ai quali i visitatori avranno accesso. La creazione di link ipertestuali verso il sito dovr\u00e0 essere oggetto di un\u2019autorizzazione preventiva da parte di Condocratica.<\/p>\n<p><strong>Legislazione competente<\/strong><\/p>\n<p>Il contenuto del presente sito \u00e8 soggetto alla legislazione applicabile in Italia.<\/p>\n<p>L\u2019utilizzatore riconosce la competenza dei tribunali italiani per quanto riguarda il contenuto e l\u2019utilizzazione del sito o per qualsiasi eventuale ricorso ad essi relativo.<\/p>\n<p><span style=\"color: #ffffff;\">\u00a0<\/span><\/p>\n<p><em>Documento aggiornato a gennaio 2019.<\/em><\/p>\n<\/div><\/section>\n\n","protected":false},"excerpt":{"rendered":"","protected":false},"author":1,"featured_media":0,"parent":0,"menu_order":0,"comment_status":"closed","ping_status":"closed","template":"","meta":{"footnotes":""},"class_list":["post-613","page","type-page","status-publish","hentry"],"jetpack_sharing_enabled":true,"_links":{"self":[{"href":"https:\/\/www.condocratica.it\/index.php?rest_route=\/wp\/v2\/pages\/613","targetHints":{"allow":["GET"]}}],"collection":[{"href":"https:\/\/www.condocratica.it\/index.php?rest_route=\/wp\/v2\/pages"}],"about":[{"href":"https:\/\/www.condocratica.it\/index.php?rest_route=\/wp\/v2\/types\/page"}],"author":[{"embeddable":true,"href":"https:\/\/www.condocratica.it\/index.php?rest_route=\/wp\/v2\/users\/1"}],"replies":[{"embeddable":true,"href":"https:\/\/www.condocratica.it\/index.php?rest_route=%2Fwp%2Fv2%2Fcomments&post=613"}],"version-history":[{"count":11,"href":"https:\/\/www.condocratica.it\/index.php?rest_route=\/wp\/v2\/pages\/613\/revisions"}],"predecessor-version":[{"id":4331,"href":"https:\/\/www.condocratica.it\/index.php?rest_route=\/wp\/v2\/pages\/613\/revisions\/4331"}],"wp:attachment":[{"href":"https:\/\/www.condocratica.it\/index.php?rest_route=%2Fwp%2Fv2%2Fmedia&parent=613"}],"curies":[{"name":"wp","href":"https:\/\/api.w.org\/{rel}","templated":true}]}}